{"id":179,"date":"2024-01-07T23:48:01","date_gmt":"2024-01-07T22:48:01","guid":{"rendered":"https:\/\/mohair-audois.com\/?page_id=179"},"modified":"2024-01-13T21:44:30","modified_gmt":"2024-01-13T20:44:30","slug":"les-naissances","status":"publish","type":"page","link":"https:\/\/mohair-audois.com\/index.php\/les-naissances\/","title":{"rendered":"Les naissances"},"content":{"rendered":"\n<p> La p\u00e9riode de reproduction pour les ch\u00e8vres se situe g\u00e9n\u00e9ralement \u00e0 <strong>l&rsquo;automne<\/strong>, vers l&rsquo;\u00e2ge de 18 mois. La <strong>gestation dure 5 mois<\/strong>, elles donnent naissance \u00e0<strong> 1 ou 2 chevreaux<\/strong>. <\/p>\n\n\n\n<p>Les naissances sur la ferme ont lieu une fois par an, au printemps. D\u00e8s la naissance <strong>les chevreaux recouverts de mohair<\/strong> p\u00e8sent environ 3 kilos. Apres quelques minutes, ils r\u00e9ussissent \u00e0 se mettre debout  et rapidement ils arrivent \u00e0 t\u00e9ter leur m\u00e8re sans difficult\u00e9.<\/p>\n\n\n\n<p>Les chevreaux sont <strong>tr\u00e8s d\u00e9gourdis<\/strong> des le d\u00e9but de leur vie et aiment sauter partout. Durant quelques temps, ils resteront dans la ch\u00e8vrerie isol\u00e9s avec leur m\u00e8re pour <strong>veiller \u00e0 ce que tout se passe bien<\/strong> avant d&rsquo;\u00eatre sortie au pr\u00e9 qui aura lieu quelques semaines apr\u00e8s.<\/p>\n\n\n\n<figure class=\"wp-block-image size-large is-resized\"><img loading=\"lazy\" decoding=\"async\" width=\"1024\" height=\"834\" src=\"http:\/\/mohair-audois.com\/wp-content\/uploads\/2024\/01\/20190304_215824-1024x834.jpg\" alt=\"\" class=\"wp-image-182\" style=\"width:602px;height:auto\" srcset=\"https:\/\/mohair-audois.com\/wp-content\/uploads\/2024\/01\/20190304_215824-1024x834.jpg 1024w, https:\/\/mohair-audois.com\/wp-content\/uploads\/2024\/01\/20190304_215824-300x244.jpg 300w, https:\/\/mohair-audois.com\/wp-content\/uploads\/2024\/01\/20190304_215824-768x625.jpg 768w, https:\/\/mohair-audois.com\/wp-content\/uploads\/2024\/01\/20190304_215824-1536x1250.jpg 1536w, https:\/\/mohair-audois.com\/wp-content\/uploads\/2024\/01\/20190304_215824-74x60.jpg 74w, https:\/\/mohair-audois.com\/wp-content\/uploads\/2024\/01\/20190304_215824-600x488.jpg 600w, https:\/\/mohair-audois.com\/wp-content\/uploads\/2024\/01\/20190304_215824.jpg 1962w\" sizes=\"auto, (max-width: 1024px) 100vw, 1024px\" \/><\/figure>\n","protected":false},"excerpt":{"rendered":"<p>La p\u00e9riode de reproduction pour les ch\u00e8vres se situe g\u00e9n\u00e9ralement \u00e0 l&rsquo;automne, vers l&rsquo;\u00e2ge de 18 mois. La gestation dure 5 mois, elles donnent naissance \u00e0 1 ou 2 chevreaux. Les naissances sur la ferme ont lieu une fois par an, au printemps. D\u00e8s la naissance les chevreaux recouverts de mohair p\u00e8sent environ 3 kilos. &hellip; <\/p>\n","protected":false},"author":1,"featured_media":180,"parent":0,"menu_order":0,"comment_status":"closed","ping_status":"closed","template":"","meta":{"footnotes":""},"class_list":["post-179","page","type-page","status-publish","has-post-thumbnail","hentry"],"_links":{"self":[{"href":"https:\/\/mohair-audois.com\/index.php\/wp-json\/wp\/v2\/pages\/179","targetHints":{"allow":["GET"]}}],"collection":[{"href":"https:\/\/mohair-audois.com\/index.php\/wp-json\/wp\/v2\/pages"}],"about":[{"href":"https:\/\/mohair-audois.com\/index.php\/wp-json\/wp\/v2\/types\/page"}],"author":[{"embeddable":true,"href":"https:\/\/mohair-audois.com\/index.php\/wp-json\/wp\/v2\/users\/1"}],"replies":[{"embeddable":true,"href":"https:\/\/mohair-audois.com\/index.php\/wp-json\/wp\/v2\/comments?post=179"}],"version-history":[{"count":3,"href":"https:\/\/mohair-audois.com\/index.php\/wp-json\/wp\/v2\/pages\/179\/revisions"}],"predecessor-version":[{"id":387,"href":"https:\/\/mohair-audois.com\/index.php\/wp-json\/wp\/v2\/pages\/179\/revisions\/387"}],"wp:featuredmedia":[{"embeddable":true,"href":"https:\/\/mohair-audois.com\/index.php\/wp-json\/wp\/v2\/media\/180"}],"wp:attachment":[{"href":"https:\/\/mohair-audois.com\/index.php\/wp-json\/wp\/v2\/media?parent=179"}],"curies":[{"name":"wp","href":"https:\/\/api.w.org\/{rel}","templated":true}]}}