{"id":187,"date":"2024-01-08T00:07:34","date_gmt":"2024-01-07T23:07:34","guid":{"rendered":"https:\/\/mohair-audois.com\/?page_id=187"},"modified":"2024-01-13T21:40:00","modified_gmt":"2024-01-13T20:40:00","slug":"contact","status":"publish","type":"page","link":"https:\/\/mohair-audois.com\/index.php\/contact\/","title":{"rendered":"Contact"},"content":{"rendered":"\n<p>La ferme est situ\u00e9e au pied de la cit\u00e9 de Carcassonne au bord du fleuve Aude \u00e0 10 minutes en voiture du centre ville et pour ceux qui veulent profiter de la nature \u00e0 35 minutes \u00e0 pied pour faire une balade bucolique sur un sentier ou \u00e0 12 minutes \u00e0 v\u00e9lo du centre ville.  <\/p>\n\n\n\n<p><strong>La Ferme des Bords d&rsquo;Aude &#8211; Mohair Audois<\/strong><\/p>\n\n\n\n<p><strong>Plaine de Mayrevieille &#8211; 11000 Carcassonne<\/strong><\/p>\n\n\n\n<p><strong>Tel : 07.85.46.79.79<\/strong><\/p>\n\n\n\n<p><strong>E-mail : lafermedesbordsdaude@gmail.com<\/strong><\/p>\n\n\n\n<figure class=\"wp-block-image size-full\"><img loading=\"lazy\" decoding=\"async\" width=\"882\" height=\"677\" src=\"https:\/\/mohair-audois.com\/wp-content\/uploads\/2024\/01\/Capture-decran-2024-01-13-213655.png\" alt=\"\" class=\"wp-image-384\" srcset=\"https:\/\/mohair-audois.com\/wp-content\/uploads\/2024\/01\/Capture-decran-2024-01-13-213655.png 882w, https:\/\/mohair-audois.com\/wp-content\/uploads\/2024\/01\/Capture-decran-2024-01-13-213655-300x230.png 300w, https:\/\/mohair-audois.com\/wp-content\/uploads\/2024\/01\/Capture-decran-2024-01-13-213655-768x589.png 768w, https:\/\/mohair-audois.com\/wp-content\/uploads\/2024\/01\/Capture-decran-2024-01-13-213655-260x200.png 260w, https:\/\/mohair-audois.com\/wp-content\/uploads\/2024\/01\/Capture-decran-2024-01-13-213655-280x215.png 280w, https:\/\/mohair-audois.com\/wp-content\/uploads\/2024\/01\/Capture-decran-2024-01-13-213655-78x60.png 78w, https:\/\/mohair-audois.com\/wp-content\/uploads\/2024\/01\/Capture-decran-2024-01-13-213655-600x461.png 600w\" sizes=\"auto, (max-width: 882px) 100vw, 882px\" \/><\/figure>\n\n\n\n<p> <\/p>\n","protected":false},"excerpt":{"rendered":"<p>La ferme est situ\u00e9e au pied de la cit\u00e9 de Carcassonne au bord du fleuve Aude \u00e0 10 minutes en voiture du centre ville et pour ceux qui veulent profiter de la nature \u00e0 35 minutes \u00e0 pied pour faire une balade bucolique sur un sentier ou \u00e0 12 minutes \u00e0 v\u00e9lo du centre ville. &hellip; <\/p>\n","protected":false},"author":1,"featured_media":0,"parent":0,"menu_order":0,"comment_status":"closed","ping_status":"closed","template":"","meta":{"footnotes":""},"class_list":["post-187","page","type-page","status-publish","hentry"],"_links":{"self":[{"href":"https:\/\/mohair-audois.com\/index.php\/wp-json\/wp\/v2\/pages\/187","targetHints":{"allow":["GET"]}}],"collection":[{"href":"https:\/\/mohair-audois.com\/index.php\/wp-json\/wp\/v2\/pages"}],"about":[{"href":"https:\/\/mohair-audois.com\/index.php\/wp-json\/wp\/v2\/types\/page"}],"author":[{"embeddable":true,"href":"https:\/\/mohair-audois.com\/index.php\/wp-json\/wp\/v2\/users\/1"}],"replies":[{"embeddable":true,"href":"https:\/\/mohair-audois.com\/index.php\/wp-json\/wp\/v2\/comments?post=187"}],"version-history":[{"count":2,"href":"https:\/\/mohair-audois.com\/index.php\/wp-json\/wp\/v2\/pages\/187\/revisions"}],"predecessor-version":[{"id":385,"href":"https:\/\/mohair-audois.com\/index.php\/wp-json\/wp\/v2\/pages\/187\/revisions\/385"}],"wp:attachment":[{"href":"https:\/\/mohair-audois.com\/index.php\/wp-json\/wp\/v2\/media?parent=187"}],"curies":[{"name":"wp","href":"https:\/\/api.w.org\/{rel}","templated":true}]}}