{"id":23,"date":"2023-12-28T13:50:21","date_gmt":"2023-12-28T12:50:21","guid":{"rendered":"https:\/\/mohair-audois.com\/?post_type=product&#038;p=23"},"modified":"2025-04-22T17:40:42","modified_gmt":"2025-04-22T15:40:42","slug":"echarpe-tissee","status":"publish","type":"product","link":"https:\/\/mohair-audois.com\/index.php\/produit\/echarpe-tissee\/","title":{"rendered":"Echarpe Tiss\u00e9e"},"content":{"rendered":"<p>Tr\u00e8s chaude et l\u00e9g\u00e8re cette \u00e9charpe vous offrira un confort au quotidien et vous accompagnera tout l&rsquo;hiver sans crainte.<\/p>\n<p>Dimension : 180 X 30 cm<\/p>\n<p>Composition : 80% de mohair de chevreau \/20% soie<\/p>\n<p>Conseil d&rsquo;entretien : lavage \u00e0 la main et s\u00e9chage \u00e0 plat \u00e0 l&rsquo;ombre<\/p>\n","protected":false},"excerpt":{"rendered":"<p>Tr\u00e8s chaude et l\u00e9g\u00e8re cette \u00e9charpe vous offrira un confort au quotidien et vous accompagnera tout l&rsquo;hiver sans crainte. Dimension : 180 X 30 cm Composition : 80% de mohair de chevreau \/20% soie Conseil d&rsquo;entretien : lavage \u00e0 la main et s\u00e9chage \u00e0 plat \u00e0 l&rsquo;ombre<\/p>\n","protected":false},"featured_media":351,"comment_status":"open","ping_status":"closed","template":"","meta":[],"product_brand":[],"product_cat":[17],"product_tag":[],"class_list":{"0":"post-23","1":"product","2":"type-product","3":"status-publish","4":"has-post-thumbnail","6":"product_cat-accessoires","8":"first","9":"instock","10":"shipping-taxable","11":"purchasable","12":"product-type-variable"},"_links":{"self":[{"href":"https:\/\/mohair-audois.com\/index.php\/wp-json\/wp\/v2\/product\/23","targetHints":{"allow":["GET"]}}],"collection":[{"href":"https:\/\/mohair-audois.com\/index.php\/wp-json\/wp\/v2\/product"}],"about":[{"href":"https:\/\/mohair-audois.com\/index.php\/wp-json\/wp\/v2\/types\/product"}],"replies":[{"embeddable":true,"href":"https:\/\/mohair-audois.com\/index.php\/wp-json\/wp\/v2\/comments?post=23"}],"wp:featuredmedia":[{"embeddable":true,"href":"https:\/\/mohair-audois.com\/index.php\/wp-json\/wp\/v2\/media\/351"}],"wp:attachment":[{"href":"https:\/\/mohair-audois.com\/index.php\/wp-json\/wp\/v2\/media?parent=23"}],"wp:term":[{"taxonomy":"product_brand","embeddable":true,"href":"https:\/\/mohair-audois.com\/index.php\/wp-json\/wp\/v2\/product_brand?post=23"},{"taxonomy":"product_cat","embeddable":true,"href":"https:\/\/mohair-audois.com\/index.php\/wp-json\/wp\/v2\/product_cat?post=23"},{"taxonomy":"product_tag","embeddable":true,"href":"https:\/\/mohair-audois.com\/index.php\/wp-json\/wp\/v2\/product_tag?post=23"}],"curies":[{"name":"wp","href":"https:\/\/api.w.org\/{rel}","templated":true}]}}