{"id":95,"date":"2024-01-03T12:56:44","date_gmt":"2024-01-03T11:56:44","guid":{"rendered":"https:\/\/mohair-audois.com\/?post_type=product&#038;p=95"},"modified":"2025-11-09T14:56:01","modified_gmt":"2025-11-09T13:56:01","slug":"grand-plaid-tissee","status":"publish","type":"product","link":"https:\/\/mohair-audois.com\/index.php\/produit\/grand-plaid-tissee\/","title":{"rendered":"Grand Plaid Tiss\u00e9"},"content":{"rendered":"<p><span style=\"vertical-align: inherit;\"><span style=\"vertical-align: inherit;\">Vous pourrez vous emmitoufler confortablement et chaudement avec douceur. Ce plaid tr\u00e8s \u00e9l\u00e9gant et naturel vous offrira un confort douillet et pourra trouver sa place dans votre int\u00e9rieur sur un canap\u00e9 ou au pied de votre lit.<\/span><\/span><\/p>\n<p><span style=\"vertical-align: inherit;\"><span style=\"vertical-align: inherit;\">Dimension : 140 x 180 cm<\/span><\/span><\/p>\n<p><span style=\"vertical-align: inherit;\"><span style=\"vertical-align: inherit;\">Composition : Pur mohair<\/span><\/span><\/p>\n<p><span style=\"vertical-align: inherit;\"><span style=\"vertical-align: inherit;\">Conseil d&rsquo;entretien : lavage \u00e0 la main et s\u00e9chage \u00e0 plat \u00e0 l&rsquo;ombre<\/span><\/span><\/p>\n<p>&nbsp;<\/p>\n","protected":false},"excerpt":{"rendered":"<p>Vous pourrez vous emmitoufler confortablement et chaudement avec douceur. Ce plaid tr\u00e8s \u00e9l\u00e9gant et naturel vous offrira un confort douillet et pourra trouver sa place dans votre int\u00e9rieur sur un canap\u00e9 ou au pied de votre lit. Dimension : 140 x 180 cm Composition : Pur mohair Conseil d&rsquo;entretien : lavage \u00e0 la main et &hellip; <\/p>\n","protected":false},"featured_media":373,"comment_status":"open","ping_status":"closed","template":"","meta":[],"product_brand":[],"product_cat":[17],"product_tag":[],"class_list":{"0":"post-95","1":"product","2":"type-product","3":"status-publish","4":"has-post-thumbnail","6":"product_cat-accessoires","8":"first","9":"instock","10":"shipping-taxable","11":"purchasable","12":"product-type-variable"},"_links":{"self":[{"href":"https:\/\/mohair-audois.com\/index.php\/wp-json\/wp\/v2\/product\/95","targetHints":{"allow":["GET"]}}],"collection":[{"href":"https:\/\/mohair-audois.com\/index.php\/wp-json\/wp\/v2\/product"}],"about":[{"href":"https:\/\/mohair-audois.com\/index.php\/wp-json\/wp\/v2\/types\/product"}],"replies":[{"embeddable":true,"href":"https:\/\/mohair-audois.com\/index.php\/wp-json\/wp\/v2\/comments?post=95"}],"wp:featuredmedia":[{"embeddable":true,"href":"https:\/\/mohair-audois.com\/index.php\/wp-json\/wp\/v2\/media\/373"}],"wp:attachment":[{"href":"https:\/\/mohair-audois.com\/index.php\/wp-json\/wp\/v2\/media?parent=95"}],"wp:term":[{"taxonomy":"product_brand","embeddable":true,"href":"https:\/\/mohair-audois.com\/index.php\/wp-json\/wp\/v2\/product_brand?post=95"},{"taxonomy":"product_cat","embeddable":true,"href":"https:\/\/mohair-audois.com\/index.php\/wp-json\/wp\/v2\/product_cat?post=95"},{"taxonomy":"product_tag","embeddable":true,"href":"https:\/\/mohair-audois.com\/index.php\/wp-json\/wp\/v2\/product_tag?post=95"}],"curies":[{"name":"wp","href":"https:\/\/api.w.org\/{rel}","templated":true}]}}